{"id":12599,"date":"2021-01-14T15:55:13","date_gmt":"2021-01-14T14:55:13","guid":{"rendered":"https:\/\/turri.com\/privacy-policy\/"},"modified":"2021-04-28T17:37:33","modified_gmt":"2021-04-28T15:37:33","slug":"privacy-policy","status":"publish","type":"page","link":"https:\/\/turri.com\/en\/privacy-policy\/","title":{"rendered":"Privacy Policy"},"content":{"rendered":"\t\t<div data-elementor-type=\"wp-page\" data-elementor-id=\"12599\" class=\"elementor elementor-12599\" data-elementor-post-type=\"page\">\n\t\t\t\t\t\t<section class=\"elementor-section elementor-top-section elementor-element elementor-element-5f740b8c elementor-section-full_width elementor-section-stretched elementor-section-height-default elementor-section-height-default\" data-id=\"5f740b8c\" data-element_type=\"section\" data-e-type=\"section\" data-settings=\"{&quot;stretch_section&quot;:&quot;section-stretched&quot;,&quot;background_background&quot;:&quot;classic&quot;}\">\n\t\t\t\t\t\t<div class=\"elementor-container elementor-column-gap-default\">\n\t\t\t\t\t<div class=\"elementor-column elementor-col-100 elementor-top-column elementor-element elementor-element-d6a213f\" data-id=\"d6a213f\" data-element_type=\"column\" data-e-type=\"column\">\n\t\t\t<div class=\"elementor-widget-wrap elementor-element-populated\">\n\t\t\t\t\t\t<div class=\"elementor-element elementor-element-1beef888 elementor-widget elementor-widget-heading\" data-id=\"1beef888\" data-element_type=\"widget\" data-e-type=\"widget\" data-widget_type=\"heading.default\">\n\t\t\t\t<div class=\"elementor-widget-container\">\n\t\t\t\t\t<h1 class=\"elementor-heading-title elementor-size-default\">Privacy Policy<\/h1>\t\t\t\t<\/div>\n\t\t\t\t<\/div>\n\t\t\t\t<div class=\"elementor-element elementor-element-3820d361 elementor-widget elementor-widget-text-editor\" data-id=\"3820d361\" data-element_type=\"widget\" data-e-type=\"widget\" data-widget_type=\"text-editor.default\">\n\t\t\t\t<div class=\"elementor-widget-container\">\n\t\t\t\t\t\t\t\t\t<p><em>Cavaion Veronese,\u00a0 7 maggio 2019<\/em><\/p><p>In questa sezione vengono fornite le informazioni in merito al trattamento dei dati personali degli utenti che consultano le pagine del sito internet\u00a0 www.turri.com<br \/>L\u2019informativa \u00e8 resa esclusivamente per il Sito Turri.com non anche per gli altri siti web eventualmente consultati dall\u2019utente tramite i link presenti all\u2019interno del Sito.<\/p><p><strong>Titolare del trattamento e Responsabile per la privacy<\/strong><\/p><p>Titolare del trattamento \u00e8 Turri Fratelli srl con sede legale in Strada Villa n. 9 \u2013 37010 Cavaion Veronese (Verona) Italia- mail: \u00a0turri@turri.com<\/p><p><strong>Tipologie di dati trattati e finalit\u00e0 del trattamento<\/strong><\/p><p>La consultazione del Sito pu\u00f2 comportare il trattamento di dati idonei a identificare direttamente o indirettamente una persona fisica (es. nome, cognome, indirizzo e-mail. Numero di telefono, indirizzo IP).<\/p><p><strong>\u2022 Dati di navigazione<\/strong><\/p><p>I dati di navigazione sono quelli acquisiti automaticamente dai sistemi e dai programmi preposti al funzionamento del Sito e sono necessari per la fruizione dei servizi web (es. indirizzi IP o nomi a dominio dei terminali utilizzati dagli utenti).<br \/>Tali dati possono essere utilizzati anche per elaborare statistiche anonime sulla consultazione del Sito e per controllarne il corretto funzionamento. In questi casi, i dati di navigazione non consentono di identificare gli utenti interessati e vengono cancellati subito dopo l\u2019elaborazione in forma anonima.<br \/>I dati di navigazione possono essere altres\u00ec usati per l\u2019accertamento di responsabilit\u00e0 in caso di reati ai danni del Sito ovvero realizzati attraverso il Sito.<\/p><p><strong>\u2022 Dati forniti dall\u2019utente<\/strong><\/p><ul><li>I dati personali forniti dall\u2019utente per usufruire dei servizi offerti sul Sito, quali ad esempio il blog o lo shop vengono trattati al fine di consentire la corretta\u00a0distribuzione\u00a0 dei servizi \u00a0e per dar seguito alle richieste presentate dagli utenti.<\/li><li>I dati personali forniti dall\u2019utente per la partecipazione alle iniziative promosse vengono trattati al fine di consentire la corretta realizzazione di queste attivit\u00e0.<\/li><li>Le informazioni inviate dagli utenti in maniera facoltativa e volontaria agli indirizzi indicati sul Sito. Tali dati (es. indirizzo di posta elettronica, oggetto della e-mail) vengono trattati dal destinatario della comunicazione al fine di dare seguito alle richieste pervenute.<\/li><\/ul><p><strong>Politica di protezione dei minori<\/strong><\/p><p>Nel rispetto delle nuove leggi per la protezione dei minori non si accolgono dati personali di minori ai 18 anni. Nell\u2019eventualit\u00e0 fosse scoperto l\u2019utilizzo da parte di un minore si provveder\u00e0 alla cancellazione immediata dei dati.<\/p><p><strong>Cookie<\/strong><\/p><p>Questo sito potrebbe contenere dei cookie che \u00a0sono informazioni (piccoli file di testo) che i siti web trasmettono al dispositivo utilizzato dall\u2019utente (PC, smartphone, tablet). Tali informazioni consentono di effettuare la navigazione, di eseguire autenticazioni informatiche, di raccogliere informazioni sul numero di visitatori e sulle modalit\u00e0 di fruizione del sito, nonch\u00e8 di monitorare e profilare gli utenti.<br \/><strong>Il Sito utilizza i seguenti cookie:<\/strong><\/p><p><strong>Cookie di sessione.\u00a0<\/strong>L\u2019uso dei cookie di sessione, che non vengono memorizzati in modo persistente sul dispositivo dell\u2019utente e svaniscono con la chiusura del browser, \u00e8 strettamente limitato alla trasmissione di identificativi di sessione (costituiti da numeri casuali generati dal server) necessari per consentire l\u2019esplorazione sicura ed efficiente del Sito. Tali cookie non consentono di identificare gli utenti interessati e il loro utilizzo non richiede il consenso.<\/p><p><strong>Cookie analitici.<\/strong>\u00a0Il Sito utilizza Google Analytics in modalit\u00e0 \u201cMascheratura dell\u2019indirizzo IP\u201d e condivisione dati disabilitata. La modalit\u00e0 \u201cMascheratura dell\u2019indirizzo IP\u201d consente di anonimizzare l\u2019indirizzo IP dell\u2019utente del Sito. Per maggiori informazioni sul metodo di anonimizzazione v.\u00a0<a href=\"https:\/\/support.google.com\/analytics\/answer\/2905384\">https:\/\/support.google.com\/analytics\/answer\/2905384<\/a><\/p><p>\u00c8 importante sottolineare che i cookie utilizzati dal Sito non consentono l\u2019acquisizione di dati personali dell\u2019utente e non possono richiamare nessun altro dato dal dispositivo dell\u2019utente, trasmettere virus informatici o impossessarsi dell\u2019indirizzo di posta elettronica dell\u2019utente.<\/p><p>I cookie utilizzati dal Sito non verranno per nessun motivo associati a dati identificativi degli utenti e non saranno utilizzati per la trasmissione di informazioni di carattere personale o per l\u2019invio di pubblicit\u00e0 personalizzata.<\/p><p>I cookie non permettono a Turri Fratelli srl alcun tipo di controllo sul dispositivo dell\u2019utente.<\/p><p>La disabilitazione dei cookie pu\u00f2 limitare le possibilit\u00e0 di utilizzo del Sito e impedire all\u2019utente di beneficiare in pieno delle funzionalit\u00e0 e dei servizi del Sito.<\/p><p><strong>Natura del conferimento dei dati<\/strong><\/p><p>Fatta eccezione per i dati di navigazione, che sono raccolti autonomamente dal sistema, il conferimento dei dati personali da parte dell\u2019utente \u00e8 facoltativo ma requisito necessario per poter usufruire dei servizi resi tramite il Sito ovvero dar seguito alle richieste presentate. Un eventuale rifiuto a conferirli pu\u00f2 impedire l\u2019esito positivo delle richieste.<br \/>Ci riserviamo \u00a0il diritto di interrompere la fornitura dei servizi nel caso in cui i dati ottenuti si rivelino non veritieri.<\/p><p><strong>Modalit\u00e0 e durata del trattamento<\/strong><\/p><p>I dati personali raccolti tramite il Sito sono trattati in conformit\u00e0 al Regolamento Ue n. 679\/2016.<\/p><p>Il server in cui \u00e8 localizzato il Sito si trova in Italia.<\/p><p>Il trattamento \u00e8 effettuato per il tempo strettamente necessario a perseguire gli scopi per cui i dati personali sono raccolti.<\/p><p>I dati personali sono trattati dal personale, che agisce sulla base di specifiche istruzioni fornite in ordine alle finalit\u00e0 e alle modalit\u00e0 del trattamento.<\/p><p>I dati personali potranno essere comunicati a: i) strutture esterne, che svolgono per nostro conto di compiti di supporto (es. servizi legali, servizi informatici), nella loro qualit\u00e0 di responsabili del trattamento; soggetti pubblici per l\u2019adempimento degli obblighi previsti dalla legge, che svolgono le rispettive attivit\u00e0 di trattamento in qualit\u00e0 di autonomi titolari.<\/p><p><strong>Diritti degli interessati<\/strong><\/p><p>I soggetti cui si riferiscono i dati personali raccolti tramite il Sito hanno il diritto di accedere ai propri dati personali, di chiederne la rettifica, l\u2019aggiornamento e la relativa cancellazione. \u00c8, altres\u00ec, possibile richiedere la limitazione del trattamento e la portabilit\u00e0 del dato. Queste richieste potranno essere rivolte a Turri Fratelli srl Strada Villa n. 9 \u2013 37010 Cavaion Veronese (Verona)\u00a0mail\u00a0<a href=\"mailto:turri@turri.com\">turri@turri.com<\/a><\/p><p>Resta salvo il diritto di proporre reclamo al Garante della Privacy.<\/p><p><strong>DISATTIVARE I COOKIE<\/strong><\/p><p>\u00c8 possibile configurare il browser utilizzato per la navigazione per eliminare o per impedire l\u2019installazione di cookies. L\u2019utente pu\u00f2 controllare quali cookies sono istallati, qual \u00e8 la loro durata ed eliminarli. I passaggi per eseguire queste operazioni differisco da browser a browser. Qui di seguito le guide per i browser pi\u00f9 diffusi:<\/p><p><a href=\"https:\/\/support.google.com\/chrome\/answer\/95647?hl=it\" target=\"_blank\" rel=\"noopener\">Chrome<\/a>\u00a0,\u00a0<a href=\"http:\/\/windows.microsoft.com\/it-it\/internet-explorer\/delete-manage-cookies#ie=ie-10\" target=\"_blank\" rel=\"noopener\">Internet Explorer<\/a>\u00a0,\u00a0<a href=\"http:\/\/support.mozilla.org\/it\/kb\/Eliminare%20i%20cookie\" target=\"_blank\" rel=\"noopener\">Mozilla Firefox<\/a>, \u00a0<a href=\"http:\/\/www.opera.com\/help\/tutorials\/security\/privacy\/\" target=\"_blank\" rel=\"noopener\">Opera<\/a>,\u00a0<a href=\"https:\/\/support.apple.com\/kb\/PH19214?viewlocale=it_IT&amp;locale=en_US\" target=\"_blank\" rel=\"noopener\">Safari<\/a><\/p>\t\t\t\t\t\t\t\t<\/div>\n\t\t\t\t<\/div>\n\t\t\t\t\t<\/div>\n\t\t<\/div>\n\t\t\t\t\t<\/div>\n\t\t<\/section>\n\t\t\t\t<\/div>\n\t\t","protected":false},"excerpt":{"rendered":"<p>Privacy Policy Cavaion Veronese,\u00a0 7 maggio 2019 In questa sezione vengono fornite le informazioni in merito al trattamento dei dati personali degli utenti che consultano le pagine del sito internet\u00a0 www.turri.comL\u2019informativa \u00e8 resa esclusivamente per il Sito Turri.com non anche per gli altri siti web eventualmente consultati dall\u2019utente tramite i link presenti all\u2019interno del Sito. [&hellip;]<\/p>\n","protected":false},"author":2661,"featured_media":0,"parent":0,"menu_order":0,"comment_status":"closed","ping_status":"closed","template":"","meta":{"site-sidebar-layout":"no-sidebar","site-content-layout":"page-builder","ast-site-content-layout":"default","site-content-style":"default","site-sidebar-style":"default","ast-global-header-display":"","ast-banner-title-visibility":"","ast-main-header-display":"","ast-hfb-above-header-display":"","ast-hfb-below-header-display":"","ast-hfb-mobile-header-display":"","site-post-title":"disabled","ast-breadcrumbs-content":"","ast-featured-img":"disabled","footer-sml-layout":"","ast-disable-related-posts":"","theme-transparent-header-meta":"default","adv-header-id-meta":"","stick-header-meta":"default","header-above-stick-meta":"","header-main-stick-meta":"","header-below-stick-meta":"","astra-migrate-meta-layouts":"default","ast-page-background-enabled":"default","ast-page-background-meta":{"desktop":{"background-color":"","background-image":"","background-repeat":"repeat","background-position":"center center","background-size":"auto","background-attachment":"scroll","background-type":"","background-media":"","overlay-type":"","overlay-color":"","overlay-opacity":"","overlay-gradient":""},"tablet":{"background-color":"","background-image":"","background-repeat":"repeat","background-position":"center center","background-size":"auto","background-attachment":"scroll","background-type":"","background-media":"","overlay-type":"","overlay-color":"","overlay-opacity":"","overlay-gradient":""},"mobile":{"background-color":"","background-image":"","background-repeat":"repeat","background-position":"center center","background-size":"auto","background-attachment":"scroll","background-type":"","background-media":"","overlay-type":"","overlay-color":"","overlay-opacity":"","overlay-gradient":""}},"ast-content-background-meta":{"desktop":{"background-color":"var(--ast-global-color-5)","background-image":"","background-repeat":"repeat","background-position":"center center","background-size":"auto","background-attachment":"scroll","background-type":"","background-media":"","overlay-type":"","overlay-color":"","overlay-opacity":"","overlay-gradient":""},"tablet":{"background-color":"var(--ast-global-color-5)","background-image":"","background-repeat":"repeat","background-position":"center center","background-size":"auto","background-attachment":"scroll","background-type":"","background-media":"","overlay-type":"","overlay-color":"","overlay-opacity":"","overlay-gradient":""},"mobile":{"background-color":"var(--ast-global-color-5)","background-image":"","background-repeat":"repeat","background-position":"center center","background-size":"auto","background-attachment":"scroll","background-type":"","background-media":"","overlay-type":"","overlay-color":"","overlay-opacity":"","overlay-gradient":""}},"footnotes":""},"class_list":["post-12599","page","type-page","status-publish","hentry"],"yoast_head":"<!-- This site is optimized with the Yoast SEO plugin v27.3 - https:\/\/yoast.com\/product\/yoast-seo-wordpress\/ -->\n<title>Privacy Policy | olio_turri<\/title>\n<meta name=\"robots\" content=\"index, follow, max-snippet:-1, max-image-preview:large, max-video-preview:-1\" \/>\n<link rel=\"canonical\" href=\"https:\/\/turri.com\/en\/privacy-policy\/\" \/>\n<meta property=\"og:locale\" content=\"en_US\" \/>\n<meta property=\"og:type\" content=\"article\" \/>\n<meta property=\"og:title\" content=\"Privacy Policy | olio_turri\" \/>\n<meta property=\"og:description\" content=\"Privacy Policy Cavaion Veronese,\u00a0 7 maggio 2019 In questa sezione vengono fornite le informazioni in merito al trattamento dei dati personali degli utenti che consultano le pagine del sito internet\u00a0 www.turri.comL\u2019informativa \u00e8 resa esclusivamente per il Sito Turri.com non anche per gli altri siti web eventualmente consultati dall\u2019utente tramite i link presenti all\u2019interno del Sito. [&hellip;]\" \/>\n<meta property=\"og:url\" content=\"https:\/\/turri.com\/en\/privacy-policy\/\" \/>\n<meta property=\"og:site_name\" content=\"olio_turri\" \/>\n<meta property=\"article:modified_time\" content=\"2021-04-28T15:37:33+00:00\" \/>\n<meta name=\"twitter:label1\" content=\"Est. reading time\" \/>\n\t<meta name=\"twitter:data1\" content=\"5 minutes\" \/>\n<script type=\"application\/ld+json\" class=\"yoast-schema-graph\">{\"@context\":\"https:\\\/\\\/schema.org\",\"@graph\":[{\"@type\":\"WebPage\",\"@id\":\"https:\\\/\\\/turri.com\\\/en\\\/privacy-policy\\\/\",\"url\":\"https:\\\/\\\/turri.com\\\/en\\\/privacy-policy\\\/\",\"name\":\"Privacy Policy | olio_turri\",\"isPartOf\":{\"@id\":\"https:\\\/\\\/turri.com\\\/en\\\/#website\"},\"datePublished\":\"2021-01-14T14:55:13+00:00\",\"dateModified\":\"2021-04-28T15:37:33+00:00\",\"breadcrumb\":{\"@id\":\"https:\\\/\\\/turri.com\\\/en\\\/privacy-policy\\\/#breadcrumb\"},\"inLanguage\":\"en-US\",\"potentialAction\":[{\"@type\":\"ReadAction\",\"target\":[\"https:\\\/\\\/turri.com\\\/en\\\/privacy-policy\\\/\"]}]},{\"@type\":\"BreadcrumbList\",\"@id\":\"https:\\\/\\\/turri.com\\\/en\\\/privacy-policy\\\/#breadcrumb\",\"itemListElement\":[{\"@type\":\"ListItem\",\"position\":1,\"name\":\"Home\",\"item\":\"https:\\\/\\\/turri.com\\\/en\\\/\"},{\"@type\":\"ListItem\",\"position\":2,\"name\":\"Privacy Policy\"}]},{\"@type\":\"WebSite\",\"@id\":\"https:\\\/\\\/turri.com\\\/en\\\/#website\",\"url\":\"https:\\\/\\\/turri.com\\\/en\\\/\",\"name\":\"Olio Turri\",\"description\":\"Olio Turri \u00e8 #unastorianaturale\",\"publisher\":{\"@id\":\"https:\\\/\\\/turri.com\\\/en\\\/#organization\"},\"potentialAction\":[{\"@type\":\"SearchAction\",\"target\":{\"@type\":\"EntryPoint\",\"urlTemplate\":\"https:\\\/\\\/turri.com\\\/en\\\/?s={search_term_string}\"},\"query-input\":{\"@type\":\"PropertyValueSpecification\",\"valueRequired\":true,\"valueName\":\"search_term_string\"}}],\"inLanguage\":\"en-US\"},{\"@type\":\"Organization\",\"@id\":\"https:\\\/\\\/turri.com\\\/en\\\/#organization\",\"name\":\"Olio Turri\",\"url\":\"https:\\\/\\\/turri.com\\\/en\\\/\",\"logo\":{\"@type\":\"ImageObject\",\"inLanguage\":\"en-US\",\"@id\":\"https:\\\/\\\/turri.com\\\/en\\\/#\\\/schema\\\/logo\\\/image\\\/\",\"url\":\"https:\\\/\\\/turri.com\\\/wp-content\\\/uploads\\\/2021\\\/01\\\/logo-Turri-trasparente-footer.png\",\"contentUrl\":\"https:\\\/\\\/turri.com\\\/wp-content\\\/uploads\\\/2021\\\/01\\\/logo-Turri-trasparente-footer.png\",\"width\":500,\"height\":266,\"caption\":\"Olio Turri\"},\"image\":{\"@id\":\"https:\\\/\\\/turri.com\\\/en\\\/#\\\/schema\\\/logo\\\/image\\\/\"}}]}<\/script>\n<!-- \/ Yoast SEO plugin. -->","yoast_head_json":{"title":"Privacy Policy | olio_turri","robots":{"index":"index","follow":"follow","max-snippet":"max-snippet:-1","max-image-preview":"max-image-preview:large","max-video-preview":"max-video-preview:-1"},"canonical":"https:\/\/turri.com\/en\/privacy-policy\/","og_locale":"en_US","og_type":"article","og_title":"Privacy Policy | olio_turri","og_description":"Privacy Policy Cavaion Veronese,\u00a0 7 maggio 2019 In questa sezione vengono fornite le informazioni in merito al trattamento dei dati personali degli utenti che consultano le pagine del sito internet\u00a0 www.turri.comL\u2019informativa \u00e8 resa esclusivamente per il Sito Turri.com non anche per gli altri siti web eventualmente consultati dall\u2019utente tramite i link presenti all\u2019interno del Sito. [&hellip;]","og_url":"https:\/\/turri.com\/en\/privacy-policy\/","og_site_name":"olio_turri","article_modified_time":"2021-04-28T15:37:33+00:00","twitter_misc":{"Est. reading time":"5 minutes"},"schema":{"@context":"https:\/\/schema.org","@graph":[{"@type":"WebPage","@id":"https:\/\/turri.com\/en\/privacy-policy\/","url":"https:\/\/turri.com\/en\/privacy-policy\/","name":"Privacy Policy | olio_turri","isPartOf":{"@id":"https:\/\/turri.com\/en\/#website"},"datePublished":"2021-01-14T14:55:13+00:00","dateModified":"2021-04-28T15:37:33+00:00","breadcrumb":{"@id":"https:\/\/turri.com\/en\/privacy-policy\/#breadcrumb"},"inLanguage":"en-US","potentialAction":[{"@type":"ReadAction","target":["https:\/\/turri.com\/en\/privacy-policy\/"]}]},{"@type":"BreadcrumbList","@id":"https:\/\/turri.com\/en\/privacy-policy\/#breadcrumb","itemListElement":[{"@type":"ListItem","position":1,"name":"Home","item":"https:\/\/turri.com\/en\/"},{"@type":"ListItem","position":2,"name":"Privacy Policy"}]},{"@type":"WebSite","@id":"https:\/\/turri.com\/en\/#website","url":"https:\/\/turri.com\/en\/","name":"Olio Turri","description":"Olio Turri \u00e8 #unastorianaturale","publisher":{"@id":"https:\/\/turri.com\/en\/#organization"},"potentialAction":[{"@type":"SearchAction","target":{"@type":"EntryPoint","urlTemplate":"https:\/\/turri.com\/en\/?s={search_term_string}"},"query-input":{"@type":"PropertyValueSpecification","valueRequired":true,"valueName":"search_term_string"}}],"inLanguage":"en-US"},{"@type":"Organization","@id":"https:\/\/turri.com\/en\/#organization","name":"Olio Turri","url":"https:\/\/turri.com\/en\/","logo":{"@type":"ImageObject","inLanguage":"en-US","@id":"https:\/\/turri.com\/en\/#\/schema\/logo\/image\/","url":"https:\/\/turri.com\/wp-content\/uploads\/2021\/01\/logo-Turri-trasparente-footer.png","contentUrl":"https:\/\/turri.com\/wp-content\/uploads\/2021\/01\/logo-Turri-trasparente-footer.png","width":500,"height":266,"caption":"Olio Turri"},"image":{"@id":"https:\/\/turri.com\/en\/#\/schema\/logo\/image\/"}}]}},"_links":{"self":[{"href":"https:\/\/turri.com\/en\/wp-json\/wp\/v2\/pages\/12599","targetHints":{"allow":["GET"]}}],"collection":[{"href":"https:\/\/turri.com\/en\/wp-json\/wp\/v2\/pages"}],"about":[{"href":"https:\/\/turri.com\/en\/wp-json\/wp\/v2\/types\/page"}],"author":[{"embeddable":true,"href":"https:\/\/turri.com\/en\/wp-json\/wp\/v2\/users\/2661"}],"replies":[{"embeddable":true,"href":"https:\/\/turri.com\/en\/wp-json\/wp\/v2\/comments?post=12599"}],"version-history":[{"count":8,"href":"https:\/\/turri.com\/en\/wp-json\/wp\/v2\/pages\/12599\/revisions"}],"predecessor-version":[{"id":13796,"href":"https:\/\/turri.com\/en\/wp-json\/wp\/v2\/pages\/12599\/revisions\/13796"}],"wp:attachment":[{"href":"https:\/\/turri.com\/en\/wp-json\/wp\/v2\/media?parent=12599"}],"curies":[{"name":"wp","href":"https:\/\/api.w.org\/{rel}","templated":true}]}}